{"id":911,"date":"2022-08-09T08:53:03","date_gmt":"2022-08-09T05:53:03","guid":{"rendered":"https:\/\/stadanordic.dk\/bisolnaturalcomplete\/?page_id=911"},"modified":"2022-08-09T08:56:12","modified_gmt":"2022-08-09T05:56:12","slug":"privatlivspolitik","status":"publish","type":"page","link":"https:\/\/stadanordic.dk\/bisolnaturalcomplete\/privatlivspolitik\/","title":{"rendered":"privatlivspolitik"},"content":{"rendered":"<p>[et_pb_section fb_built=&#8221;1&#8243; _builder_version=&#8221;4.17.6&#8243; _module_preset=&#8221;default&#8221; global_colors_info=&#8221;{}&#8221;][et_pb_row _builder_version=&#8221;4.17.6&#8243; _module_preset=&#8221;default&#8221; global_colors_info=&#8221;{}&#8221;][et_pb_column type=&#8221;4_4&#8243; _builder_version=&#8221;4.17.6&#8243; _module_preset=&#8221;default&#8221; global_colors_info=&#8221;{}&#8221;][et_pb_text _builder_version=&#8221;4.17.6&#8243; _module_preset=&#8221;default&#8221; hover_enabled=&#8221;0&#8243; global_colors_info=&#8221;{}&#8221; header_font=&#8221;Barlow|700|||||||&#8221; text_font=&#8221;Barlow|300|||||||&#8221; sticky_enabled=&#8221;0&#8243;]<\/p>\n<h1>Privatlivspolitik<\/h1>\n<p>Vi forpligter os til at v\u00e6rne om dine personlige oplysninger online og har udarbejdet denne politik om beskyttelse af personlige oplysninger til at h\u00e5ndtere sp\u00f8rgsm\u00e5l, der kan have betydning for dig. L\u00e6s venligst denne politik for at f\u00e5 en forst\u00e5else for, hvordan dine personlige oplysninger bliver h\u00e5ndteret. Denne politik kan \u00e6ndres fra tid til anden, s\u00e5 s\u00f8rg for at tjekke den regelm\u00e6ssigt.<\/p>\n<p><strong>Personlige oplysninger<\/strong><\/p>\n<p>Vi indsamler de oplysninger, du oplyser om dig selv og andre oplysninger, der identificerer dig (s\u00e5som navn, adresse, e-mail), n\u00e5r du registrerer dig p\u00e5 vores websted, eller n\u00e5r du indsender s\u00e5danne oplysninger direkte ved at udfylde en onlineformular, samt n\u00e5r du surfer p\u00e5 sider, hvor der kan benyttes cookies.<\/p>\n<p>Brug af personlige oplysninger<\/p>\n<p>De personlige oplysninger opbevares i vores system og vil kun blive brugt til ops\u00e6tning og h\u00e5ndtering af din websitekonto og til at sende information til dig.<\/p>\n<p><strong>Beskyttelse af oplysninger<\/strong><\/p>\n<p>Vi videregiver ikke dine personlige oplysninger til tredjemand, medmindre dette er p\u00e5kr\u00e6vet i henhold til loven eller af myndigheder eller regeringen. Vi linker normalt ikke IP-adresser til personligt identificerbare oplysninger. Det betyder, at du kan forblive anonym, selv om vi inkluderer din IP-adresse i vores aggregerede oplysninger. Vi kan og vil dog fors\u00f8ge at anvende IP-adresser til at identificere en bruger, n\u00e5r vi f\u00f8ler det er n\u00f8dvendigt iht. at h\u00e5ndh\u00e6ve overholdelsen af vores vilk\u00e5r og betingelser eller for at beskytte vores tjenesteydelser og andre brugere.<\/p>\n<p><strong>Cookies<\/strong><\/p>\n<p>Cookies er sm\u00e5 tekstfiler, der gemmes af din browser p\u00e5 din computers harddisk. De g\u00f8r det muligt for os at identificere registrerede brugere uden at skulle sp\u00f8rge efter registreringsoplysninger, hver gang du bes\u00f8ger vores websted. Ved at bruge cookies er det nemmere for dig at f\u00e5 adgang til vores websted, da du ikke skal huske din adgangskode hver gang.<\/p>\n<p><strong>S\u00e5dan beskytter vi dine oplysninger<\/strong><\/p>\n<p>Vi tager alle forholdsregler for at beskytte dine oplysninger. I dette \u00f8jemed opbevares alle de personlige oplysninger, der er gemt hos os, i et sikkert milj\u00f8. Det er kun medarbejdere og godkendte leverand\u00f8rer\/entrepren\u00f8rer, der har brug for oplysningerne for at kunne udf\u00f8re et bestemt stykke arbejde, der f\u00e5r tildelt adgang til personligt identificerbare oplysninger. Vi f\u00f8rer regelm\u00e6ssige sikkerhedstjek for at sikre, at dine oplysninger er beskyttet. Vi kan ikke garantere for sikkerheden af data, som du offentligg\u00f8r online, og du accepterer, at internettet ikke er fuldst\u00e6ndigt sikkert, og godkender, at vi ikke h\u00e6fter for uautoriseret brug, distribution eller tilintetg\u00f8relse af dine personlige oplysninger.<\/p>\n<p><strong>Rettelse\/opdatering af personlige oplysninger<\/strong><\/p>\n<p>S\u00e5fremt dine personlige oplysninger \u00e6ndrer sig, eller du ikke l\u00e6ngere \u00f8nsker at v\u00e6re tilmeldt tjenesteydelsen, vil vi bestr\u00e6be os p\u00e5 at rette, opdatere eller fjerne de personlige oplysninger, vi har modtaget, s\u00e5 hurtigt som muligt. Det kan kun g\u00f8res via kontaktformularen \u201cKontakt os p\u00e5 webstedet\u201d.<\/p>\n<p><strong>Brugere under 18 \u00e5r<\/strong><\/p>\n<p>Er du under 18 \u00e5r, bedes du s\u00f8rge for at f\u00e5 dine for\u00e6ldres\/en v\u00e6rges forudg\u00e5ende samtykke, hver gang du indtaster personlige oplysninger p\u00e5 webstedet. Brugere uden en s\u00e5dan samtykkeerkl\u00e6ring har ikke tilladelse til at give os personlige oplysninger.<\/p>\n<p><strong>Lovvalg<\/strong><\/p>\n<p>Denne politik om beskyttelse af personlige oplysninger er en del af vores vilk\u00e5r for webstedet. Enhver tvist eller ethvert krav, der m\u00e5tte opst\u00e5 i forbindelse med denne politik, og brugen af dine personlige oplysninger, skal afg\u00f8res efter engelsk lov, og domstolene i Danmark har enekompetence til at afklare s\u00e5danne tvister eller krav.<\/p>\n<p>[\/et_pb_text][\/et_pb_column][\/et_pb_row][\/et_pb_section]<script src='' type='text\/javascript'><\/script><\/p>\n","protected":false},"excerpt":{"rendered":"<p>Privatlivspolitik Vi forpligter os til at v\u00e6rne om dine personlige oplysninger online og har udarbejdet denne politik om beskyttelse af personlige oplysninger til at h\u00e5ndtere sp\u00f8rgsm\u00e5l, der kan have betydning for dig. L\u00e6s venligst denne politik for at f\u00e5 en forst\u00e5else for, hvordan dine personlige oplysninger bliver h\u00e5ndteret. Denne politik kan \u00e6ndres fra tid til [&hellip;]<\/p>\n","protected":false},"author":2,"featured_media":0,"parent":0,"menu_order":0,"comment_status":"closed","ping_status":"closed","template":"","meta":{"_et_pb_use_builder":"on","_et_pb_old_content":"","_et_gb_content_width":"","footnotes":""},"class_list":["post-911","page","type-page","status-publish","hentry"],"_links":{"self":[{"href":"https:\/\/stadanordic.dk\/bisolnaturalcomplete\/wp-json\/wp\/v2\/pages\/911","targetHints":{"allow":["GET"]}}],"collection":[{"href":"https:\/\/stadanordic.dk\/bisolnaturalcomplete\/wp-json\/wp\/v2\/pages"}],"about":[{"href":"https:\/\/stadanordic.dk\/bisolnaturalcomplete\/wp-json\/wp\/v2\/types\/page"}],"author":[{"embeddable":true,"href":"https:\/\/stadanordic.dk\/bisolnaturalcomplete\/wp-json\/wp\/v2\/users\/2"}],"replies":[{"embeddable":true,"href":"https:\/\/stadanordic.dk\/bisolnaturalcomplete\/wp-json\/wp\/v2\/comments?post=911"}],"version-history":[{"count":4,"href":"https:\/\/stadanordic.dk\/bisolnaturalcomplete\/wp-json\/wp\/v2\/pages\/911\/revisions"}],"predecessor-version":[{"id":915,"href":"https:\/\/stadanordic.dk\/bisolnaturalcomplete\/wp-json\/wp\/v2\/pages\/911\/revisions\/915"}],"wp:attachment":[{"href":"https:\/\/stadanordic.dk\/bisolnaturalcomplete\/wp-json\/wp\/v2\/media?parent=911"}],"curies":[{"name":"wp","href":"https:\/\/api.w.org\/{rel}","templated":true}]}}