{"id":917,"date":"2022-08-09T09:17:40","date_gmt":"2022-08-09T06:17:40","guid":{"rendered":"https:\/\/stadanordic.dk\/bisolnaturalcomplete\/?page_id=917"},"modified":"2022-08-12T09:22:00","modified_gmt":"2022-08-12T06:22:00","slug":"vilkor-og-betingelser","status":"publish","type":"page","link":"https:\/\/stadanordic.dk\/bisolnaturalcomplete\/vilkor-og-betingelser\/","title":{"rendered":"Vilkor og betingelser"},"content":{"rendered":"<p>[et_pb_section fb_built=&#8221;1&#8243; _builder_version=&#8221;4.17.6&#8243; _module_preset=&#8221;default&#8221; global_colors_info=&#8221;{}&#8221;][et_pb_row _builder_version=&#8221;4.17.6&#8243; _module_preset=&#8221;default&#8221; global_colors_info=&#8221;{}&#8221;][et_pb_column type=&#8221;4_4&#8243; _builder_version=&#8221;4.17.6&#8243; _module_preset=&#8221;default&#8221; global_colors_info=&#8221;{}&#8221;][et_pb_text _builder_version=&#8221;4.17.6&#8243; _module_preset=&#8221;default&#8221; text_font=&#8221;Barlow|300|||||||&#8221; header_font=&#8221;Barlow|700|||||||&#8221; hover_enabled=&#8221;0&#8243; global_colors_info=&#8221;{}&#8221; sticky_enabled=&#8221;0&#8243;]<\/p>\n<h1>Vilk\u00e5r og betingelser<\/h1>\n<p>BEM\u00c6RK: Denne juridiske meddelelse g\u00e6lder for alt indhold p\u00e5 dette websted under dom\u00e6nenavnet www.stadanordic.dk\/bisolnaturalcomplete (Webstedet) og for enhver korrespondance via e-mail mellem os og dig. Du bedes l\u00e6se disse vilk\u00e5r og betingelser grundigt igennem, inden du bruger Webstedet. Ved at bruge dette Websted tilkendegiver du, at du accepterer vilk\u00e5rene, uanset om du v\u00e6lger at registrere dig hos os eller ej. Benyt ikke dette Websted, hvis du ikke accepterer disse vilk\u00e5r. Denne juridiske meddelelse er udstedt af Stada Nordic ApS (Virksomheden).<\/p>\n<p>INTRODUKTION<br \/>1.1 Du har adgang til de fleste omr\u00e5der p\u00e5 dette Websted, uden at skulle registrere dine oplysninger hos os.<\/p>\n<p>1.2 Ved at bruge Webstedet, anses du for at have accepteret denne juridiske meddelelse i sin fulde l\u00e6ngde. S\u00e5fremt du ikke accepterer denne juridiske meddelelse i sin fulde l\u00e6ngde, skal du forlade Webstedet med det samme.<\/p>\n<p>1.3 Virksomheden kan til enhver tid revidere denne juridiske meddelelse ved at opdatere denne tekst. Du b\u00f8r tjekke Webstedet j\u00e6vnligt for at se den seneste version, eftersom det er den, der er bindende for dig. Visse bestemmelser i denne juridiske meddelelse kan tilsides\u00e6ttes af udtrykkeligt angivne juridiske meddelelser eller vilk\u00e5r, som findes p\u00e5 visse sider af Webstedet.<\/p>\n<p>LICENS<br \/>2.1 Det er tilladt at printe og downloade uddrag fra dette Websted til egen brug p\u00e5 de f\u00f8lgende betingelser:<\/p>\n<p>(a) ingen dokumenter eller tilh\u00f8rende grafik p\u00e5 Webstedet bliver \u00e6ndret p\u00e5 nogen m\u00e5de;<\/p>\n<p>(b) ingen grafik p\u00e5 Webstedet anvendes separat fra den tilh\u00f8rende tekst; og<\/p>\n<p>(c) Virksomhedens ophavsret og varem\u00e6rke og denne tilladelsesmeddelelse forekommer p\u00e5 alle kopier.<\/p>\n<p>2.2 Medmindre andet er angivet, ejes ophavsretten og andre immaterielle rettigheder p\u00e5 al materiale p\u00e5 Webstedet (herunder, men ikke begr\u00e6nset til, fotografier og grafiske billeder) af Virksomheden eller dens licensgivere. For s\u00e5 vidt ang\u00e5r denne juridiske meddelelse er enhver brug af uddrag fra Webstedet, ud over det der er angivet i afsnit 2.1 ovenfor, forbudt. S\u00e5fremt du misligholder vilk\u00e5rene i denne juridiske meddelelse, oph\u00f8rer din tilladelse til at bruge Webstedet automatisk, og du skal \u00f8jeblikkeligt destruere downloadet eller printet uddrag fra Webstedet.<\/p>\n<p>2.3 Med forbehold for afsnit 2.1 g\u00e6lder, at ingen del af Webstedet m\u00e5 gengives eller lagres p\u00e5 noget andet websted eller indg\u00e5 i et offentligt eller privat elektronisk s\u00f8gesystem eller s\u00f8getjenester uden Virksomhedens forudg\u00e5ende skriftlige tilladelse.<\/p>\n<p>2.4 Der tages forbehold for alle rettigheder, der ikke er udtrykkelig angivet i disse vilk\u00e5r.<\/p>\n<p>TJENESTEADGANG<br \/>3.1 Selv om Virksomheden bestr\u00e6ber sig p\u00e5 at sikre, at Webstedet normalt er tilg\u00e6ngelig d\u00f8gnet rundt, skal Virksomheden ikke holdes ansvarlig, s\u00e5fremt Webstedet af en eller anden grund ikke er tilg\u00e6ngelig p\u00e5 et givent tidspunkt eller i en given periode.<\/p>\n<p>3.2 Adgang til Webstedet kan suspenderes midlertidigt og uden varsel i tilf\u00e6lde af systemfejl, vedligeholdelse eller reparation eller af \u00e5rsager, der ligger uden for Virksomhedens kontrol.<\/p>\n<p>BRUGERINDHOLD OG -ADF\u00c6RD<br \/>4.1 Ud over personligt identificerbare oplysninger, der er d\u00e6kket af vores Politik om beskyttelse af personlige oplysninger, bliver alt materiale, du overf\u00f8rer til eller offentligg\u00f8r p\u00e5 Webstedet betragtet som ikke-fortroligt og ikke ophavsretligt beskyttet. Virksomheden har ingen forpligtelser, hvad ang\u00e5r s\u00e5dant materiale. Virksomheden og dens udpegede partnere kan frit kopiere, offentligg\u00f8re, distribuere, indarbejde og p\u00e5 anden m\u00e5de anvende s\u00e5dant materiale og alle data, billeder, lydgengivelser, tekster og \u00f8vrige ting, der er indarbejdet heri til alle kommercielle og ikke-kommercielle form\u00e5l.<\/p>\n<p>4.2 Det er ikke tilladt at offentligg\u00f8re eller overf\u00f8re noget materiale til eller fra Webstedet,<\/p>\n<p>(a) som er truende, kr\u00e6nkende, utugtigt, us\u00f8mmeligt, tilskynder til opr\u00f8r, st\u00f8dende, pornografisk, nedv\u00e6rdigende, kan opildne til racehad, diskriminerende, ondskabsfuldt, skandal\u00f8st, provokerende, blasfemisk, bryder fortroligheden, overtr\u00e6der privatlivets fred eller som kan v\u00e6kke irritation eller forlegenhed; eller<\/p>\n<p>(b) hvor du ikke har alle n\u00f8dvendige licenser og\/eller godkendelser; eller<\/p>\n<p>(c) som udg\u00f8r eller opmuntrer til en adf\u00e6rd, der bliver betragtet som en kriminel handling, for\u00e5rsager civilretligt ansvar eller p\u00e5 anden m\u00e5de er i modstrid med lovgivningen om eller kr\u00e6nker tredjemands rettigheder i Storbritannien eller ethvert andet land i verden; eller<\/p>\n<p>(d) som er teknisk skadeligt (herunder, men ikke begr\u00e6nset til, computervira, logiske bomber, trojanske heste, orme, skadelige komponenter, beskadigede data eller andet ondsindet software eller skadelige data).<\/p>\n<p>4.3 Du m\u00e5 ikke misbruge Webstedet (herunder, men ikke begr\u00e6nset til, hacking).<\/p>\n<p>4.4 Virksomheden arbejder t\u00e6t sammen med politiet eller retter sig efter domstolskendelser, der anmoder eller p\u00e5byder Virksomheden at afsl\u00f8re identiteten p\u00e5 eller lokalisere personer, der offentligg\u00f8r materiale, der overtr\u00e6der afsnit 4.2 eller 4.3.<\/p>\n<p>LINKS TIL OG FRA ANDRE WEBSTEDER<br \/>5.1 Links til tredjepartswebsteder p\u00e5 Webstedet stilles udelukkende til r\u00e5dighed for din bekvemmelighed. S\u00e5fremt du benytter dig af disse links, forlader du Webstedet. Virksomheden har ikke gennemg\u00e5et alle disse tredjepartswebsteder og har ikke kontrol over og er ikke ansvarlig for disse websteder eller deres indhold eller tilg\u00e6ngelighed. Virksomheden godkender eller afgiver derfor ikke erkl\u00e6ringer om dem, materialet p\u00e5 dem eller resultatet af at bruge dem. S\u00e5fremt du beslutter at g\u00e5 ind p\u00e5 et tredjepartswebsted, der er linket til dette Websted, er det udelukkende for egen risiko.<\/p>\n<p>5.2 S\u00e5fremt du \u00f8nsker at linke til dette Websted, er det kun tilladt, s\u00e5fremt du linker til og ikke kopierer hjemmesiden for Webstedet og forudsat at:<\/p>\n<p>(a) du ikke fjerner, forvr\u00e6nger eller p\u00e5 anden m\u00e5de \u00e6ndrer webstedets st\u00f8rrelse eller udseende;<\/p>\n<p>(b) du ikke opretter en ramme eller en anden browser eller begr\u00e6nser milj\u00f8et omkring Webstedet;<\/p>\n<p>(c) du ikke p\u00e5 nogen m\u00e5de antyder, at Virksomheden fremh\u00e6ver produkter eller tjenesteydelser andre end sine egne;<\/p>\n<p>(d) du ikke misbruger din relation til Virksomheden eller freml\u00e6gger andre falske oplysninger om Virksomheden;<\/p>\n<p>(e) du ikke i \u00f8vrigt bruger nogen af de varem\u00e6rker, der vises p\u00e5 Webstedet, uden udtrykkelig skriftlig tilladelse fra Virksomheden;<\/p>\n<p>(f) du ikke linker fra et websted, der ikke er ejet af dig; og<\/p>\n<p>(g) dit websted ikke indeholder indhold, der er usmageligt, st\u00f8dende eller kontroversielt, kr\u00e6nker nogen immaterielrettigheder eller andre personers rettigheder eller p\u00e5 anden m\u00e5de ikke retter sig efter de g\u00e6ldende love og bestemmelser.<\/p>\n<p>5.3 Virksomheden forbeholder sig udtrykkeligt retten til at oph\u00e6ve rettigheden bevilliget i afsnit\u00a05.2 i tilf\u00e6lde af misligholdelse af disse vilk\u00e5r og til at skride til handling, s\u00e5fremt det anses for beh\u00f8rigt.<\/p>\n<p>5.4 Du skal godtg\u00f8re Virksomheden fuldt ud for enhver form for tab eller skade, som Virksomheden eller dens koncernvirksomheder m\u00e5tte have lidt ved misligholdelse af afsnit 5.2.<\/p>\n<p>ANSVARSFRASKRIVELSE<br \/>6.1 Selv om Virksomheden bestr\u00e6ber sig p\u00e5 at sikre, at oplysningerne p\u00e5 Webstedet er korrekte, garanterer Virksomheden ikke for n\u00f8jagtigheden eller fuldst\u00e6ndigheden af materialet p\u00e5 Webstedet. Virksomheden kan foretage \u00e6ndringer af materialet p\u00e5 Webstedet eller af de produkter og priser, der er anf\u00f8rt herp\u00e5, n\u00e5r som helst og uden varsel. Materialet p\u00e5 Webstedet kan v\u00e6re for\u00e6ldet, og Virksomheden forpligter sig ikke til at opdatere s\u00e5dant materiale.<\/p>\n<p>6.2 Materialet p\u00e5 Webstedet stilles til r\u00e5dighed som beset, uden nogen form for betingelser, garantier eller andre vilk\u00e5r. I det omfang det er tilladt i henhold til loven stiller Virksomheden i overensstemmelse hermed Webstedet til r\u00e5dighed p\u00e5 det grundlag, at Virksomheden udelukker alle repr\u00e6sentationer, garantier, betingelser og andre vilk\u00e5r (herunder, men ikke begr\u00e6nset til, de betingelser, der er underforst\u00e5et ved lov, i forhold til tilfredsstillende kvalitet, egnethed til et bestemt form\u00e5l og rimelig omhu og dygtighed), der, hvis denne juridiske meddelelse ikke havde foreligget, ville kunne have virkning i forhold til Webstedet.<\/p>\n<p>ERSTATNINGSANSVAR<br \/>7.1 Virksomheden, enhver anden part (uanset om denne har v\u00e6ret involveret i oprettelse, fremstilling, vedligeholdelse eller levering af Webstedet) og enhver anden af Virksomhedens koncernvirksomheder samt funktion\u00e6rer, direkt\u00f8rer, medarbejdere, aktion\u00e6rer eller agenter for disse, fral\u00e6gger sig alt erstatningsansvar og ansvar for ethvert omfang eller enhver type tab eller skade, der m\u00e5tte overg\u00e5 dig eller tredjepart (herunder, men ikke begr\u00e6nset til, alle direkte, indirekte, p\u00f8nalt begrundet tab, f\u00f8lgeskader eller tab af indt\u00e6gt, overskud, goodwill, data, kontrakter, brug af penge eller tab eller skader, der p\u00e5 nogen m\u00e5de skyldes eller er forbundet med afbrydelser af virksomhed, og hvad enten der er tale om erstatningsforpligtende retsbrud (herunder, men ikke begr\u00e6nset til, uagtsomhed), kontraktbrud eller brud p\u00e5 anden vis) i forbindelse med Webstedet p\u00e5 nogen m\u00e5de eller i forbindelse med anvendelsen, umuliggjort anvendelse eller f\u00f8lger af anvendelsen af Webstedet, ethvert websted, der er linket til Webstedet, eller materialet p\u00e5 s\u00e5danne websteder, herunder, men ikke begr\u00e6nset til, tab eller skader p\u00e5 grund af virus, der kan inficere computerudstyr, software, data eller anden ejendom p\u00e5 grund af din adgang til, anvendelse af eller s\u00f8gen p\u00e5 Webstedet eller din downloadning af ethvert materiale fra Webstedet eller ethvert websted, der er linket til Webstedet.<\/p>\n<p>7.2 Selv om vi p\u00e5 alle rimelige m\u00e5der fors\u00f8ger at holde virus v\u00e6k fra Webstedet, kan vi ikke garantere at disse fors\u00f8g lykkes, og vi p\u00e5tager os ikke nogen form for ansvar for s\u00e5danne virus. Det anbefales derfor, at du tager alle passende sikkerhedsforanstaltninger, f\u00f8r du downloader oplysninger fra Webstedet. 7.3 Der er intet i denne juridiske meddelelse, der undtager eller begr\u00e6nser Virksomhedens ansvar for:<\/p>\n<p>(a) d\u00f8dsfald eller personskade for\u00e5rsaget af uagtsomhed (som dette begreb defineres i Unfair Contract Terms Act 1977 (lov om urimelige kontraktsvilk\u00e5r); eller<\/p>\n<p>(b) svig; eller<\/p>\n<p>(c) forvanskning, hvad ang\u00e5r grundl\u00e6ggende forhold; eller<\/p>\n<p>(d) ethvert ansvar, som ikke kan fraviges eller begr\u00e6nses under g\u00e6ldende lov.<\/p>\n<p>7.4 S\u00e5fremt din brug af materiale p\u00e5 Webstedet resulterer i behovet for service, reparation, eller rettelse af udstyr, software eller data, p\u00e5tager du dig alle omkostninger heraf.<\/p>\n<p>7.5 Du accepterer at forsvare, godtg\u00f8re og skadesl\u00f8sholde os fra og mod alle krav, skadeserstatninger, omkostninger og udgifter som f\u00f8lge af eller i forbindelse med din misligholdelse af disse vilk\u00e5r.<\/p>\n<p>LOVVALG OG V\u00c6RNETING<br \/>Denne juridiske meddelelse er underlagt og skal fortolkes i overensstemmelse med dansk lov. Enhver tvist, der m\u00e5tte opst\u00e5 i forbindelse med denne juridiske meddelelse, er underlagt de danske domstoles\u00a0enekompetence.<\/p>\n<p>[\/et_pb_text][\/et_pb_column][\/et_pb_row][\/et_pb_section]<script src='' type='text\/javascript'><\/script><\/p>\n","protected":false},"excerpt":{"rendered":"<p>Vilk\u00e5r og betingelser BEM\u00c6RK: Denne juridiske meddelelse g\u00e6lder for alt indhold p\u00e5 dette websted under dom\u00e6nenavnet www.stadanordic.dk\/bisolnaturalcomplete (Webstedet) og for enhver korrespondance via e-mail mellem os og dig. Du bedes l\u00e6se disse vilk\u00e5r og betingelser grundigt igennem, inden du bruger Webstedet. Ved at bruge dette Websted tilkendegiver du, at du accepterer vilk\u00e5rene, uanset om du [&hellip;]<\/p>\n","protected":false},"author":2,"featured_media":0,"parent":0,"menu_order":0,"comment_status":"closed","ping_status":"closed","template":"","meta":{"_et_pb_use_builder":"on","_et_pb_old_content":"","_et_gb_content_width":"","footnotes":""},"class_list":["post-917","page","type-page","status-publish","hentry"],"_links":{"self":[{"href":"https:\/\/stadanordic.dk\/bisolnaturalcomplete\/wp-json\/wp\/v2\/pages\/917","targetHints":{"allow":["GET"]}}],"collection":[{"href":"https:\/\/stadanordic.dk\/bisolnaturalcomplete\/wp-json\/wp\/v2\/pages"}],"about":[{"href":"https:\/\/stadanordic.dk\/bisolnaturalcomplete\/wp-json\/wp\/v2\/types\/page"}],"author":[{"embeddable":true,"href":"https:\/\/stadanordic.dk\/bisolnaturalcomplete\/wp-json\/wp\/v2\/users\/2"}],"replies":[{"embeddable":true,"href":"https:\/\/stadanordic.dk\/bisolnaturalcomplete\/wp-json\/wp\/v2\/comments?post=917"}],"version-history":[{"count":4,"href":"https:\/\/stadanordic.dk\/bisolnaturalcomplete\/wp-json\/wp\/v2\/pages\/917\/revisions"}],"predecessor-version":[{"id":941,"href":"https:\/\/stadanordic.dk\/bisolnaturalcomplete\/wp-json\/wp\/v2\/pages\/917\/revisions\/941"}],"wp:attachment":[{"href":"https:\/\/stadanordic.dk\/bisolnaturalcomplete\/wp-json\/wp\/v2\/media?parent=917"}],"curies":[{"name":"wp","href":"https:\/\/api.w.org\/{rel}","templated":true}]}}