{"id":29,"date":"2022-12-09T10:02:45","date_gmt":"2022-12-09T08:02:45","guid":{"rendered":"https:\/\/stadanordic.dk\/lactosolv\/?page_id=29"},"modified":"2023-09-26T08:22:28","modified_gmt":"2023-09-26T05:22:28","slug":"lactosolv","status":"publish","type":"page","link":"https:\/\/stadanordic.dk\/lactosolv\/","title":{"rendered":"Lactosolv"},"content":{"rendered":"<p>[et_pb_section fb_built=&#8221;1&#8243; _builder_version=&#8221;4.19.0&#8243; _module_preset=&#8221;default&#8221; custom_margin=&#8221;0px||0px||false|false&#8221; custom_padding=&#8221;0px||0px||false|false&#8221; bottom_divider_style=&#8221;curve2&#8243; bottom_divider_color=&#8221;#d8f0ff&#8221; bottom_divider_height=&#8221;79px&#8221; bottom_divider_arrangement=&#8221;above_content&#8221; bottom_divider_style_last_edited=&#8221;off|tablet&#8221; bottom_divider_height_tablet=&#8221;25px&#8221; bottom_divider_height_phone=&#8221;19px&#8221; bottom_divider_height_last_edited=&#8221;on|desktop&#8221; global_colors_info=&#8221;{}&#8221;][et_pb_row _builder_version=&#8221;4.19.0&#8243; _module_preset=&#8221;default&#8221; width=&#8221;100%&#8221; max_width=&#8221;100%&#8221; custom_margin=&#8221;0px||0px||false|false&#8221; custom_padding=&#8221;0px||0px||false|false&#8221; global_colors_info=&#8221;{}&#8221;][et_pb_column type=&#8221;4_4&#8243; _builder_version=&#8221;4.19.0&#8243; _module_preset=&#8221;default&#8221; global_colors_info=&#8221;{}&#8221;][et_pb_image src=&#8221;http:\/\/stadanordic.dk\/lactosolv\/wp-content\/uploads\/sites\/3\/2023\/01\/Lactosolv-landing-header_ny-1.jpg&#8221; title_text=&#8221;Lactosolv-landing-header_ny&#8221; force_fullwidth=&#8221;on&#8221; _builder_version=&#8221;4.19.4&#8243; _module_preset=&#8221;default&#8221; global_colors_info=&#8221;{}&#8221;][\/et_pb_image][\/et_pb_column][\/et_pb_row][\/et_pb_section][et_pb_section fb_built=&#8221;1&#8243; _builder_version=&#8221;4.19.0&#8243; _module_preset=&#8221;default&#8221; background_color=&#8221;#d8f0ff&#8221; use_background_color_gradient=&#8221;on&#8221; background_color_gradient_stops=&#8221;#d8f0ff 0%|#ffffff 100%&#8221; custom_padding=&#8221;0px||0px||false|false&#8221; global_colors_info=&#8221;{}&#8221;][et_pb_row _builder_version=&#8221;4.19.0&#8243; _module_preset=&#8221;default&#8221; global_colors_info=&#8221;{}&#8221;][et_pb_column type=&#8221;4_4&#8243; _builder_version=&#8221;4.19.0&#8243; _module_preset=&#8221;default&#8221; global_colors_info=&#8221;{}&#8221;][et_pb_text _builder_version=&#8221;4.21.0&#8243; _module_preset=&#8221;default&#8221; header_2_font=&#8221;Montserrat|700|||||||&#8221; header_2_text_align=&#8221;center&#8221; header_2_text_color=&#8221;#009bdc&#8221; header_2_font_size=&#8221;37px&#8221; header_2_letter_spacing=&#8221;-0.04em&#8221; custom_margin=&#8221;||11px|||&#8221; hover_enabled=&#8221;0&#8243; header_2_font_size_tablet=&#8221;30px&#8221; header_2_font_size_phone=&#8221;20px&#8221; header_2_font_size_last_edited=&#8221;on|desktop&#8221; global_colors_info=&#8221;{}&#8221; sticky_enabled=&#8221;0&#8243;]<\/p>\n<h2>LACTOSOLV<sup>\u00ae<br \/><\/sup>er et kosttilskud med laktaseenzym som hj\u00e6lper med at nedbryde laktose og g\u00f8re m\u00e6lkeprodukter lettere at ford\u00f8je hos personer med laktoseintolerans.<\/h2>\n<p>[\/et_pb_text][et_pb_image src=&#8221;http:\/\/stadanordic.dk\/lactosolv\/wp-content\/uploads\/sites\/3\/2022\/12\/laktoosijoukko.png&#8221; title_text=&#8221;laktoosijoukko&#8221; align=&#8221;center&#8221; _builder_version=&#8221;4.19.0&#8243; _module_preset=&#8221;default&#8221; global_colors_info=&#8221;{}&#8221;][\/et_pb_image][\/et_pb_column][\/et_pb_row][\/et_pb_section][et_pb_section fb_built=&#8221;1&#8243; _builder_version=&#8221;4.19.0&#8243; _module_preset=&#8221;default&#8221; custom_margin=&#8221;0px||||false|false&#8221; custom_padding=&#8221;0px||||false|false&#8221; global_colors_info=&#8221;{}&#8221;][et_pb_row custom_padding_last_edited=&#8221;on|phone&#8221; _builder_version=&#8221;4.19.0&#8243; _module_preset=&#8221;default&#8221; custom_padding=&#8221;||0px||false|false&#8221; custom_padding_tablet=&#8221;||0px||false|false&#8221; custom_padding_phone=&#8221;0px||0px||false|false&#8221; global_colors_info=&#8221;{}&#8221;][et_pb_column type=&#8221;4_4&#8243; _builder_version=&#8221;4.19.0&#8243; _module_preset=&#8221;default&#8221; global_colors_info=&#8221;{}&#8221;][et_pb_text _builder_version=&#8221;4.19.4&#8243; _module_preset=&#8221;default&#8221; header_2_font=&#8221;Montserrat|700|||||||&#8221; header_2_text_align=&#8221;center&#8221; header_2_text_color=&#8221;#009bdc&#8221; header_2_font_size=&#8221;37px&#8221; header_2_letter_spacing=&#8221;-0.04em&#8221; header_2_font_size_tablet=&#8221;30px&#8221; header_2_font_size_phone=&#8221;20px&#8221; header_2_font_size_last_edited=&#8221;on|desktop&#8221; global_colors_info=&#8221;{}&#8221;]<\/p>\n<h2>LACTOSOLV<sup>\u00ae<\/sup> med en h\u00f8j dosis laktase<\/h2>\n<p>[\/et_pb_text][\/et_pb_column][\/et_pb_row][et_pb_row _builder_version=&#8221;4.19.0&#8243; _module_preset=&#8221;default&#8221; width_tablet=&#8221;&#8221; width_phone=&#8221;100%&#8221; width_last_edited=&#8221;on|phone&#8221; custom_padding=&#8221;0px||||false|false&#8221; global_colors_info=&#8221;{}&#8221;][et_pb_column type=&#8221;4_4&#8243; _builder_version=&#8221;4.19.0&#8243; _module_preset=&#8221;default&#8221; global_colors_info=&#8221;{}&#8221;][et_pb_image src=&#8221;http:\/\/stadanordic.dk\/lactosolv\/wp-content\/uploads\/sites\/3\/2022\/12\/Lactosolv-landingimage-DK.png&#8221; title_text=&#8221;Lactosolv-landingimage-DK&#8221; align=&#8221;center&#8221; _builder_version=&#8221;4.19.4&#8243; _module_preset=&#8221;default&#8221; global_colors_info=&#8221;{}&#8221;][\/et_pb_image][\/et_pb_column][\/et_pb_row][et_pb_row _builder_version=&#8221;4.19.0&#8243; _module_preset=&#8221;default&#8221; global_colors_info=&#8221;{}&#8221;][et_pb_column type=&#8221;4_4&#8243; _builder_version=&#8221;4.19.0&#8243; _module_preset=&#8221;default&#8221; global_colors_info=&#8221;{}&#8221;][et_pb_divider color=&#8221;#009bdc&#8221; divider_style=&#8221;dotted&#8221; divider_weight=&#8221;3px&#8221; _builder_version=&#8221;4.19.0&#8243; _module_preset=&#8221;default&#8221; global_colors_info=&#8221;{}&#8221;][\/et_pb_divider][\/et_pb_column][\/et_pb_row][\/et_pb_section][et_pb_section fb_built=&#8221;1&#8243; _builder_version=&#8221;4.19.0&#8243; _module_preset=&#8221;default&#8221; background_color=&#8221;#009bdc&#8221; custom_padding=&#8221;30px||6px|||&#8221; top_divider_style=&#8221;curve2&#8243; top_divider_color=&#8221;#FFFFFF&#8221; top_divider_height=&#8221;89px&#8221; top_divider_height_tablet=&#8221;58px&#8221; top_divider_height_phone=&#8221;29px&#8221; top_divider_height_last_edited=&#8221;on|tablet&#8221; global_colors_info=&#8221;{}&#8221;][et_pb_row use_custom_gutter=&#8221;on&#8221; gutter_width=&#8221;1&#8243; _builder_version=&#8221;4.18.0&#8243; _module_preset=&#8221;default&#8221; transform_translate=&#8221;0px|-128px&#8221; transform_translate_linked=&#8221;off&#8221; width=&#8221;90%&#8221; width_tablet=&#8221;100%&#8221; width_phone=&#8221;100%&#8221; width_last_edited=&#8221;on|tablet&#8221; max_width_tablet=&#8221;100%&#8221; max_width_phone=&#8221;100%&#8221; max_width_last_edited=&#8221;on|desktop&#8221; custom_margin_tablet=&#8221;&#8221; custom_margin_phone=&#8221;&#8221; custom_margin_last_edited=&#8221;on|phone&#8221; animation_style=&#8221;slide&#8221; animation_direction=&#8221;bottom&#8221; border_color_top=&#8221;#0184A7&#8243; border_style_top=&#8221;dotted&#8221; global_colors_info=&#8221;{}&#8221;][et_pb_column type=&#8221;4_4&#8243; _builder_version=&#8221;4.18.0&#8243; _module_preset=&#8221;default&#8221; global_colors_info=&#8221;{}&#8221;][et_pb_image src=&#8221;http:\/\/stadanordic.dk\/lactosolv\/wp-content\/uploads\/sites\/3\/2022\/12\/lactosolv_pakkaus_dk-1.png&#8221; title_text=&#8221;lactosolv_pakkaus_dk&#8221; align=&#8221;center&#8221; _builder_version=&#8221;4.19.4&#8243; _module_preset=&#8221;default&#8221; width=&#8221;80%&#8221; width_tablet=&#8221;78%&#8221; width_phone=&#8221;74%&#8221; width_last_edited=&#8221;on|desktop&#8221; global_colors_info=&#8221;{}&#8221;][\/et_pb_image][et_pb_text _builder_version=&#8221;4.19.4&#8243; _module_preset=&#8221;default&#8221; text_font=&#8221;Barlow||||||||&#8221; text_text_color=&#8221;#FFFFFF&#8221; text_font_size=&#8221;30px&#8221; text_letter_spacing=&#8221;-0.03em&#8221; text_line_height=&#8221;0.9em&#8221; text_orientation=&#8221;center&#8221; custom_margin=&#8221;||20px||false|false&#8221; text_font_size_tablet=&#8221;24px&#8221; text_font_size_phone=&#8221;20px&#8221; text_font_size_last_edited=&#8221;on|phone&#8221; global_colors_info=&#8221;{}&#8221;]<\/p>\n<p><strong>LACTOSOLV\u00ae<\/strong><br \/><span style=\"font-size: x-large;\">17500 FCC<\/span><br \/>30 og 60 kapsler<\/p>\n<p><span style=\"font-size: x-large;\"><img loading=\"lazy\" decoding=\"async\" src=\"http:\/\/stadanordic.dk\/lactosolv\/wp-content\/uploads\/sites\/3\/2022\/12\/fas_pa_apoteket.png\" alt=\"\" class=\"wp-image-63 alignnone size-full\" width=\"207\" height=\"99\" \/><\/span><\/p>\n<p>[\/et_pb_text][dmpro_popup popup_id=&#8221;Osta&#8221; trigger_button_text=&#8221;K\u00f8b p\u00e5 apoteket&#8221; close_on_esc=&#8221;on&#8221; show_footer=&#8221;off&#8221; trigger_element_bg_color=&#8221;#0184A7&#8243; popup_overlay_bg_color=&#8221;RGBA(255,255,255,0)&#8221; popup_bg_color=&#8221;#FFFFFF&#8221; popup_header_bg_color=&#8221;#FFFFFF&#8221; popup_body_bg_color=&#8221;#FFFFFF&#8221; module_id=&#8221;osta-painike&#8221; _builder_version=&#8221;4.19.4&#8243; _module_preset=&#8221;default&#8221; popup_body_text_text_align=&#8221;center&#8221; popup_body_text_line_height=&#8221;1em&#8221; custom_trigger_button=&#8221;on&#8221; trigger_button_text_size=&#8221;24px&#8221; trigger_button_text_color=&#8221;#009bdc&#8221; trigger_button_bg_color=&#8221;#FFFFFF&#8221; trigger_button_border_width=&#8221;0px&#8221; trigger_button_border_radius=&#8221;32px&#8221; trigger_button_font=&#8221;Barlow|600||on|||||&#8221; trigger_button_icon=&#8221;&#x35;||divi||400&#8243; trigger_button_on_hover=&#8221;off&#8221; box_shadow_style_trigger_button=&#8221;preset3&#8243; global_colors_info=&#8221;{}&#8221;]&nbsp;<\/p>\n<p><a href=\"https:\/\/apopro.dk\/search?query=lactosolv\" target=\"_blank\" rel=\"noopener\"><img loading=\"lazy\" decoding=\"async\" src=\"http:\/\/stadanordic.dk\/lactosolv\/wp-content\/uploads\/sites\/3\/2023\/01\/apopro_logo.png\" alt=\"\" class=\"wp-image-77 alignnone size-medium\" style=\"display: block; margin-left: auto; margin-right: auto;\" width=\"205\" height=\"65\" \/> <\/a><\/p>\n<p style=\"text-align: center;\"><a href=\"https:\/\/www.med24.dk\/soeg?query=lactosolv\" target=\"_blank\" rel=\"noopener\"><img loading=\"lazy\" decoding=\"async\" src=\"http:\/\/stadanordic.dk\/lactosolv\/wp-content\/uploads\/sites\/3\/2023\/01\/med24_logo.png\" alt=\"\" class=\"wp-image-78 alignnone size-medium\" width=\"205\" height=\"65\" \/><\/a><\/p>\n<p><a href=\"https:\/\/www.webapoteket.dk\/maerker\/lactosolv\" target=\"_blank\" rel=\"noopener\"><img loading=\"lazy\" decoding=\"async\" src=\"http:\/\/stadanordic.dk\/lactosolv\/wp-content\/uploads\/sites\/3\/2023\/01\/webapoteket_logo.png\" alt=\"\" class=\"wp-image-79 alignnone size-medium\" style=\"display: block; margin-left: auto; margin-right: auto;\" width=\"271\" height=\"47\" \/><\/a>[\/dmpro_popup][\/et_pb_column][\/et_pb_row][\/et_pb_section]<\/p>\n","protected":false},"excerpt":{"rendered":"<p>LACTOSOLV\u00aeer et kosttilskud med laktaseenzym som hj\u00e6lper med at nedbryde laktose og g\u00f8re m\u00e6lkeprodukter lettere at ford\u00f8je hos personer med laktoseintolerans.LACTOSOLV\u00ae med en h\u00f8j dosis laktaseLACTOSOLV\u00ae17500 FCC30 og 60 kapsler <div id=\"&#8221;osta-painike&#8221;\" class=\"et_pb_module dmpro_popup dmpro_popup_0\">\n\t\t\t\t\n\t\t\t\t\n\t\t\t\t\n\t\t\t\t\n\t\t\t\t\n\t\t\t\t\n\t\t\t\t<div class=\"et_pb_module_inner\">\n\t\t\t\t\t<div class=\"dmpro_popup_trigger_element_wrapper\"><div class=\"et_pb_button_wrapper\"><a class=\"et_pb_button dmpro_popup_trigger_element dmpro_popup_trigger_button\" href=\"#\">&#8221;K\u00f8b<\/a><\/div><\/div><div class=\"dmpro_popup_wrapper dmpro_popup_center dmpro_popup_close_on_esc\" data-id=\"&#8221;Osta&#8221;\" data-re-render=\"on\" data-autoplay-video=\"off\" data-trigger-type=\"element\" data-trigger-delay=\"3000ms\"  data-animation-duration=\"1000ms\"  data-animation-duration-tablet=\"\"  data-animation-duration-phone=\"\"   aria-modal=\"true\" role=\"dialog\"  aria-describedby=\"dmpro-popup-describedby-&#8221;Osta&#8221;\" data-dmpro-closecookie=\"0\">\n\t\t\t\t\n\t\t\t\t\n\t\t\t\t\n\t\t\t\t<div class=\"dmpro_popup_inner_wrap dmpro_animated\">\n\t\t\t\t\t\n\t\t\t\t\t\n\t\t\t\t\t\n\t\t\t\t\t<div class=\"dmpro_popup_header\">\n\t\t\t\t\n\t\t\t\t\n\t\t\t\t\n\t\t\t\t<span class=\"dmpro_popup_close dmpro_popup_close_icon et-pb-icon\">&#x51;<\/span>\n\t\t\t\t\n\t\t\t\t<\/div>\n\t\t\t\t\t\n\t\t\t\t\t\n\t\t\t\t<\/div>\n\t\t\t<\/div>\n\t\t\t\t<\/div>\n\t\t\t<\/div><\/p>\n","protected":false},"author":2,"featured_media":0,"parent":0,"menu_order":0,"comment_status":"closed","ping_status":"closed","template":"","meta":{"_et_pb_use_builder":"on","_et_pb_old_content":"","_et_gb_content_width":"","footnotes":""},"class_list":["post-29","page","type-page","status-publish","hentry"],"_links":{"self":[{"href":"https:\/\/stadanordic.dk\/lactosolv\/wp-json\/wp\/v2\/pages\/29","targetHints":{"allow":["GET"]}}],"collection":[{"href":"https:\/\/stadanordic.dk\/lactosolv\/wp-json\/wp\/v2\/pages"}],"about":[{"href":"https:\/\/stadanordic.dk\/lactosolv\/wp-json\/wp\/v2\/types\/page"}],"author":[{"embeddable":true,"href":"https:\/\/stadanordic.dk\/lactosolv\/wp-json\/wp\/v2\/users\/2"}],"replies":[{"embeddable":true,"href":"https:\/\/stadanordic.dk\/lactosolv\/wp-json\/wp\/v2\/comments?post=29"}],"version-history":[{"count":14,"href":"https:\/\/stadanordic.dk\/lactosolv\/wp-json\/wp\/v2\/pages\/29\/revisions"}],"predecessor-version":[{"id":102,"href":"https:\/\/stadanordic.dk\/lactosolv\/wp-json\/wp\/v2\/pages\/29\/revisions\/102"}],"wp:attachment":[{"href":"https:\/\/stadanordic.dk\/lactosolv\/wp-json\/wp\/v2\/media?parent=29"}],"curies":[{"name":"wp","href":"https:\/\/api.w.org\/{rel}","templated":true}]}}