{"id":4,"date":"2024-12-12T09:34:57","date_gmt":"2024-12-12T07:34:57","guid":{"rendered":"https:\/\/stadanordic.dk\/telfast\/?page_id=4"},"modified":"2025-03-18T12:22:26","modified_gmt":"2025-03-18T10:22:26","slug":"telfast","status":"publish","type":"page","link":"https:\/\/stadanordic.dk\/telfast\/","title":{"rendered":"Telfast"},"content":{"rendered":"\n[et_pb_section fb_built=&#8221;1&#8243; _builder_version=&#8221;4.27.0&#8243; _module_preset=&#8221;default&#8221; background_color=&#8221;#ed7d00&#8243; custom_margin=&#8221;0px||0px||false|false&#8221; custom_padding=&#8221;0px||0px||false|false&#8221; border_width_top=&#8221;1px&#8221; border_color_top=&#8221;#FFFFFF&#8221; global_colors_info=&#8221;{}&#8221;][et_pb_row _builder_version=&#8221;4.27.0&#8243; _module_preset=&#8221;default&#8221; global_colors_info=&#8221;{}&#8221;][et_pb_column type=&#8221;4_4&#8243; _builder_version=&#8221;4.27.0&#8243; _module_preset=&#8221;default&#8221; global_colors_info=&#8221;{}&#8221;][et_pb_text _builder_version=&#8221;4.27.4&#8243; _module_preset=&#8221;default&#8221; text_font=&#8221;Montserrat||||||||&#8221; text_text_color=&#8221;#FFFFFF&#8221; text_font_size=&#8221;18px&#8221; text_line_height=&#8221;1.5em&#8221; header_font=&#8221;Poppins|700|||||||&#8221; header_text_color=&#8221;#FFFFFF&#8221; header_font_size=&#8221;45px&#8221; text_orientation=&#8221;center&#8221; hover_enabled=&#8221;0&#8243; text_font_size_tablet=&#8221;18px&#8221; text_font_size_phone=&#8221;18px&#8221; text_font_size_last_edited=&#8221;on|desktop&#8221; text_line_height_tablet=&#8221;1.2em&#8221; text_line_height_phone=&#8221;1.2em&#8221; text_line_height_last_edited=&#8221;on|tablet&#8221; header_font_size_tablet=&#8221;45px&#8221; header_font_size_phone=&#8221;36px&#8221; header_font_size_last_edited=&#8221;on|desktop&#8221; global_colors_info=&#8221;{}&#8221; sticky_enabled=&#8221;0&#8243;]<h1>Telfast\u00ae 120 mg lindrer symptomer p\u00e5 h\u00f8feber<br \/>og allergisk snue<\/h1>\n<p>H\u00e5ndk\u00f8bsl\u00e6gemiddel<\/p>[\/et_pb_text][\/et_pb_column][\/et_pb_row][\/et_pb_section][et_pb_section fb_built=&#8221;1&#8243; _builder_version=&#8221;4.27.4&#8243; _module_preset=&#8221;default&#8221; background_image=&#8221;http:\/\/stadanordic.dk\/telfast\/wp-content\/uploads\/sites\/7\/2025\/01\/taustakuva_field_3.jpg&#8221; custom_margin=&#8221;0px||0px||false|false&#8221; custom_padding=&#8221;0px||0px||false|false&#8221; global_colors_info=&#8221;{}&#8221;][et_pb_row _builder_version=&#8221;4.27.2&#8243; _module_preset=&#8221;default&#8221; max_width=&#8221;1600px&#8221; custom_margin=&#8221;0px||0px||false|false&#8221; custom_padding=&#8221;0px||0px||false|false&#8221; global_colors_info=&#8221;{}&#8221;][et_pb_column type=&#8221;4_4&#8243; _builder_version=&#8221;4.27.0&#8243; _module_preset=&#8221;default&#8221; global_colors_info=&#8221;{}&#8221;][et_pb_image src=&#8221;http:\/\/stadanordic.dk\/telfast\/wp-content\/uploads\/sites\/7\/2025\/03\/Header_dk_kuuloke_.png&#8221; title_text=&#8221;Header_dk_kuuloke_&#8221; align=&#8221;center&#8221; force_fullwidth=&#8221;on&#8221; _builder_version=&#8221;4.27.4&#8243; _module_preset=&#8221;default&#8221; hover_enabled=&#8221;0&#8243; global_colors_info=&#8221;{}&#8221; sticky_enabled=&#8221;0&#8243;][\/et_pb_image][\/et_pb_column][\/et_pb_row][\/et_pb_section][et_pb_section fb_built=&#8221;1&#8243; _builder_version=&#8221;4.27.0&#8243; _module_preset=&#8221;default&#8221; background_color=&#8221;#900088&#8243; custom_margin=&#8221;0px||0px||false|false&#8221; custom_padding=&#8221;38px||0px||false|false&#8221; global_colors_info=&#8221;{}&#8221;][et_pb_row column_structure=&#8221;1_2,1_2&#8243; _builder_version=&#8221;4.27.0&#8243; _module_preset=&#8221;default&#8221; width=&#8221;28%&#8221; width_tablet=&#8221;28%&#8221; width_phone=&#8221;28%&#8221; width_last_edited=&#8221;on|desktop&#8221; custom_margin=&#8221;0px||0px||false|false&#8221; custom_padding=&#8221;0px||||false|false&#8221; global_colors_info=&#8221;{}&#8221;][et_pb_column type=&#8221;1_2&#8243; _builder_version=&#8221;4.27.0&#8243; _module_preset=&#8221;default&#8221; global_colors_info=&#8221;{}&#8221;][et_pb_blurb title=&#8221;Virker inden for 1 time&#8221; image=&#8221;http:\/\/stadanordic.dk\/telfast\/wp-content\/uploads\/sites\/7\/2024\/12\/image20.png&#8221; image_icon_width=&#8221;35%&#8221; _builder_version=&#8221;4.27.4&#8243; _module_preset=&#8221;default&#8221; header_font=&#8221;Poppins|700||on|||||&#8221; header_text_align=&#8221;center&#8221; header_text_color=&#8221;#FFFFFF&#8221; custom_css_blurb_title=&#8221;margin-top:-10px;&#8221; global_colors_info=&#8221;{}&#8221;][\/et_pb_blurb][\/et_pb_column][et_pb_column type=&#8221;1_2&#8243; _builder_version=&#8221;4.27.0&#8243; _module_preset=&#8221;default&#8221; global_colors_info=&#8221;{}&#8221;][et_pb_blurb title=&#8221;Effekt i 24 timer&#8221; image=&#8221;http:\/\/stadanordic.dk\/telfast\/wp-content\/uploads\/sites\/7\/2024\/12\/image21.png&#8221; image_icon_width=&#8221;35%&#8221; _builder_version=&#8221;4.27.4&#8243; _module_preset=&#8221;default&#8221; header_font=&#8221;Poppins|700||on|||||&#8221; header_text_align=&#8221;center&#8221; header_text_color=&#8221;#FFFFFF&#8221; custom_css_blurb_title=&#8221;margin-top:-10px;&#8221; global_colors_info=&#8221;{}&#8221;][\/et_pb_blurb][\/et_pb_column][\/et_pb_row][\/et_pb_section][et_pb_section fb_built=&#8221;1&#8243; _builder_version=&#8221;4.27.0&#8243; _module_preset=&#8221;default&#8221; global_colors_info=&#8221;{}&#8221;][et_pb_row custom_padding_last_edited=&#8221;on|desktop&#8221; _builder_version=&#8221;4.27.2&#8243; _module_preset=&#8221;default&#8221; width=&#8221;70%&#8221; width_tablet=&#8221;80%&#8221; width_phone=&#8221;80%&#8221; width_last_edited=&#8221;on|desktop&#8221; custom_padding=&#8221;||||false|false&#8221; custom_padding_tablet=&#8221;|0%||0%|false|false&#8221; custom_padding_phone=&#8221;|0%||0%|false|false&#8221; global_colors_info=&#8221;{}&#8221;][et_pb_column type=&#8221;4_4&#8243; _builder_version=&#8221;4.27.0&#8243; _module_preset=&#8221;default&#8221; global_colors_info=&#8221;{}&#8221;][et_pb_text _builder_version=&#8221;4.27.4&#8243; _module_preset=&#8221;default&#8221; text_font=&#8221;Montserrat||||||||&#8221; text_font_size=&#8221;18px&#8221; text_line_height=&#8221;1.4em&#8221; header_2_font=&#8221;Poppins|700||on|||||&#8221; header_2_text_color=&#8221;#900088&#8243; custom_css_free_form=&#8221;li::marker {||  color: #900088;||}&#8221; global_colors_info=&#8221;{}&#8221;]<h2>Telfast\u00ae lindrer symptomer p\u00e5 h\u00f8feber og allergisk snue:<\/h2>\n<ul>\n<li>L\u00f8bende n\u00e6se<\/li>\n<li>Kl\u00f8ende eller stoppet n\u00e6se<\/li>\n<li>Rindende \u00f8jne<\/li>\n<\/ul>[\/et_pb_text][\/et_pb_column][\/et_pb_row][\/et_pb_section][et_pb_section fb_built=&#8221;1&#8243; _builder_version=&#8221;4.27.0&#8243; _module_preset=&#8221;default&#8221; background_color=&#8221;rgba(144,0,136,0.07)&#8221; global_colors_info=&#8221;{}&#8221;][et_pb_row column_structure=&#8221;1_5,1_5,1_5,1_5,1_5&#8243; _builder_version=&#8221;4.27.0&#8243; _module_preset=&#8221;default&#8221; global_colors_info=&#8221;{}&#8221;][et_pb_column type=&#8221;1_5&#8243; _builder_version=&#8221;4.27.0&#8243; _module_preset=&#8221;default&#8221; global_colors_info=&#8221;{}&#8221;][et_pb_blurb title=&#8221;NYSEN&#8221; image=&#8221;http:\/\/stadanordic.dk\/telfast\/wp-content\/uploads\/sites\/7\/2024\/12\/nuha4.png&#8221; _builder_version=&#8221;4.27.4&#8243; _module_preset=&#8221;default&#8221; header_font=&#8221;Montserrat|||on|||||&#8221; header_text_align=&#8221;center&#8221; header_font_size=&#8221;14px&#8221; width_tablet=&#8221;&#8221; width_phone=&#8221;40%&#8221; width_last_edited=&#8221;on|phone&#8221; module_alignment=&#8221;center&#8221; global_colors_info=&#8221;{}&#8221;][\/et_pb_blurb][\/et_pb_column][et_pb_column type=&#8221;1_5&#8243; _builder_version=&#8221;4.27.0&#8243; _module_preset=&#8221;default&#8221; global_colors_info=&#8221;{}&#8221;][et_pb_blurb title=&#8221;KL\u00d8ENDE N\u00c6SE&#8221; image=&#8221;http:\/\/stadanordic.dk\/telfast\/wp-content\/uploads\/sites\/7\/2024\/12\/nuha3.png&#8221; _builder_version=&#8221;4.27.4&#8243; _module_preset=&#8221;default&#8221; header_font=&#8221;Montserrat|||on|||||&#8221; header_text_align=&#8221;center&#8221; header_font_size=&#8221;14px&#8221; width_tablet=&#8221;&#8221; width_phone=&#8221;40%&#8221; width_last_edited=&#8221;on|phone&#8221; module_alignment=&#8221;center&#8221; global_colors_info=&#8221;{}&#8221;][\/et_pb_blurb][\/et_pb_column][et_pb_column type=&#8221;1_5&#8243; _builder_version=&#8221;4.27.0&#8243; _module_preset=&#8221;default&#8221; global_colors_info=&#8221;{}&#8221;][et_pb_blurb title=&#8221;l\u00f8bende n\u00e6se&#8221; image=&#8221;http:\/\/stadanordic.dk\/telfast\/wp-content\/uploads\/sites\/7\/2024\/12\/nuha2.png&#8221; _builder_version=&#8221;4.27.4&#8243; _module_preset=&#8221;default&#8221; header_font=&#8221;Montserrat|||on|||||&#8221; header_text_align=&#8221;center&#8221; header_font_size=&#8221;14px&#8221; width_tablet=&#8221;&#8221; width_phone=&#8221;40%&#8221; width_last_edited=&#8221;on|phone&#8221; module_alignment=&#8221;center&#8221; global_colors_info=&#8221;{}&#8221;][\/et_pb_blurb][\/et_pb_column][et_pb_column type=&#8221;1_5&#8243; _builder_version=&#8221;4.27.0&#8243; _module_preset=&#8221;default&#8221; global_colors_info=&#8221;{}&#8221;][et_pb_blurb title=&#8221;stoppet n\u00e6se&#8221; image=&#8221;http:\/\/stadanordic.dk\/telfast\/wp-content\/uploads\/sites\/7\/2024\/12\/nuha5.png&#8221; _builder_version=&#8221;4.27.4&#8243; _module_preset=&#8221;default&#8221; header_font=&#8221;Montserrat|||on|||||&#8221; header_text_align=&#8221;center&#8221; header_font_size=&#8221;14px&#8221; width_tablet=&#8221;&#8221; width_phone=&#8221;40%&#8221; width_last_edited=&#8221;on|phone&#8221; module_alignment=&#8221;center&#8221; global_colors_info=&#8221;{}&#8221;][\/et_pb_blurb][\/et_pb_column][et_pb_column type=&#8221;1_5&#8243; _builder_version=&#8221;4.27.0&#8243; _module_preset=&#8221;default&#8221; global_colors_info=&#8221;{}&#8221;][et_pb_blurb title=&#8221;rindende \u00f8jne&#8221; image=&#8221;http:\/\/stadanordic.dk\/telfast\/wp-content\/uploads\/sites\/7\/2024\/12\/nuha1.png&#8221; _builder_version=&#8221;4.27.4&#8243; _module_preset=&#8221;default&#8221; header_font=&#8221;Montserrat|||on|||||&#8221; header_text_align=&#8221;center&#8221; header_font_size=&#8221;14px&#8221; width_tablet=&#8221;&#8221; width_phone=&#8221;40%&#8221; width_last_edited=&#8221;on|phone&#8221; module_alignment=&#8221;center&#8221; global_colors_info=&#8221;{}&#8221;][\/et_pb_blurb][\/et_pb_column][\/et_pb_row][\/et_pb_section][et_pb_section fb_built=&#8221;1&#8243; _builder_version=&#8221;4.27.0&#8243; _module_preset=&#8221;default&#8221; custom_padding=&#8221;34px||40px|||&#8221; global_colors_info=&#8221;{}&#8221;][et_pb_row custom_padding_last_edited=&#8221;on|desktop&#8221; _builder_version=&#8221;4.27.2&#8243; _module_preset=&#8221;default&#8221; width=&#8221;70%&#8221; width_tablet=&#8221;80%&#8221; width_phone=&#8221;80%&#8221; width_last_edited=&#8221;on|desktop&#8221; custom_padding=&#8221;||||false|false&#8221; custom_padding_tablet=&#8221;|0%||0%|false|false&#8221; custom_padding_phone=&#8221;|0%||0%|false|false&#8221; global_colors_info=&#8221;{}&#8221;][et_pb_column type=&#8221;4_4&#8243; _builder_version=&#8221;4.27.0&#8243; _module_preset=&#8221;default&#8221; global_colors_info=&#8221;{}&#8221;][et_pb_text _builder_version=&#8221;4.27.4&#8243; _module_preset=&#8221;default&#8221; text_font=&#8221;Montserrat||||||||&#8221; text_font_size=&#8221;18px&#8221; text_line_height=&#8221;1.4em&#8221; header_2_font=&#8221;Poppins|700||on|||||&#8221; header_2_text_color=&#8221;#900088&#8243; global_colors_info=&#8221;{}&#8221;]<h2>Telfast\u00ae lindrer symptomer p\u00e5 h\u00f8feber og allergisk snue<\/h2>\n<ul><\/ul>[\/et_pb_text][\/et_pb_column][\/et_pb_row][et_pb_row column_structure=&#8221;1_2,1_2&#8243; custom_padding_last_edited=&#8221;on|desktop&#8221; _builder_version=&#8221;4.27.2&#8243; _module_preset=&#8221;default&#8221; width=&#8221;70%&#8221; width_tablet=&#8221;80%&#8221; width_phone=&#8221;80%&#8221; width_last_edited=&#8221;on|desktop&#8221; custom_padding=&#8221;||||false|false&#8221; custom_padding_tablet=&#8221;|0%||0%|false|false&#8221; custom_padding_phone=&#8221;|0%||0%|false|false&#8221; global_colors_info=&#8221;{}&#8221;][et_pb_column type=&#8221;1_2&#8243; _builder_version=&#8221;4.27.0&#8243; _module_preset=&#8221;default&#8221; global_colors_info=&#8221;{}&#8221;][et_pb_text _builder_version=&#8221;4.27.4&#8243; _module_preset=&#8221;default&#8221; text_font=&#8221;Montserrat||||||||&#8221; text_font_size=&#8221;18px&#8221; text_line_height=&#8221;1.4em&#8221; header_2_font=&#8221;Poppins|700|||||||&#8221; header_2_text_color=&#8221;#900088&#8243; global_colors_info=&#8221;{}&#8221;]<ul>\n<li>Nysen?<\/li>\n<li>L\u00f8bende n\u00e6se?<\/li>\n<li>Kl\u00f8e eller stoppet n\u00e6se?<\/li>\n<li>Rindende \u00f8jne?<\/li>\n<\/ul>\n<p>Telfast<sup>\u00ae\u00a0<\/sup>er et h\u00e5ndk\u00f8bsl\u00e6gemiddel, som lindrer symptomer p\u00e5 h\u00f8feber og allergisk snue som nysen, rindende \u00f8jne samt l\u00f8bende, kl\u00f8ende eller stoppet n\u00e6se. Virker inden for 1 time med effekt i 24 timer. Til voksne og b\u00f8rn over 12 \u00e5r.<\/p>[\/et_pb_text][\/et_pb_column][et_pb_column type=&#8221;1_2&#8243; _builder_version=&#8221;4.27.0&#8243; _module_preset=&#8221;default&#8221; global_colors_info=&#8221;{}&#8221;][et_pb_image src=&#8221;http:\/\/stadanordic.dk\/telfast\/wp-content\/uploads\/sites\/7\/2024\/12\/niistaja.jpg&#8221; title_text=&#8221;niistaja&#8221; align=&#8221;center&#8221; _builder_version=&#8221;4.27.0&#8243; _module_preset=&#8221;default&#8221; transform_rotate=&#8221;0deg|0deg|357deg&#8221; box_shadow_style=&#8221;preset3&#8243; global_colors_info=&#8221;{}&#8221;][\/et_pb_image][\/et_pb_column][\/et_pb_row][\/et_pb_section][et_pb_section fb_built=&#8221;1&#8243; _builder_version=&#8221;4.27.0&#8243; _module_preset=&#8221;default&#8221; background_color=&#8221;rgba(144,0,136,0.07)&#8221; global_colors_info=&#8221;{}&#8221;][et_pb_row column_structure=&#8221;2_5,3_5&#8243; custom_padding_last_edited=&#8221;on|desktop&#8221; _builder_version=&#8221;4.27.2&#8243; _module_preset=&#8221;default&#8221; width=&#8221;70%&#8221; width_tablet=&#8221;80%&#8221; width_phone=&#8221;80%&#8221; width_last_edited=&#8221;on|desktop&#8221; custom_margin=&#8221;||0px||false|false&#8221; custom_padding=&#8221;||0px||false|false&#8221; custom_padding_tablet=&#8221;|0%||0%|false|false&#8221; custom_padding_phone=&#8221;|0%||0%|false|false&#8221; global_colors_info=&#8221;{}&#8221;][et_pb_column type=&#8221;2_5&#8243; _builder_version=&#8221;4.27.0&#8243; _module_preset=&#8221;default&#8221; global_colors_info=&#8221;{}&#8221;][et_pb_image src=&#8221;http:\/\/stadanordic.dk\/telfast\/wp-content\/uploads\/sites\/7\/2024\/12\/telfast_pakkauskuva.png&#8221; title_text=&#8221;telfast_pakkauskuva&#8221; align=&#8221;center&#8221; _builder_version=&#8221;4.27.4&#8243; _module_preset=&#8221;default&#8221; transform_scale_last_edited=&#8221;off|desktop&#8221; transform_translate_tablet=&#8221;0px|0px&#8221; transform_translate_last_edited=&#8221;off|desktop&#8221; transform_rotate_last_edited=&#8221;off|desktop&#8221; transform_skew_last_edited=&#8221;off|desktop&#8221; transform_origin_last_edited=&#8221;off|desktop&#8221; transform_styles_last_edited=&#8221;off|desktop&#8221; global_colors_info=&#8221;{}&#8221;][\/et_pb_image][\/et_pb_column][et_pb_column type=&#8221;3_5&#8243; _builder_version=&#8221;4.27.0&#8243; _module_preset=&#8221;default&#8221; global_colors_info=&#8221;{}&#8221;][et_pb_text _builder_version=&#8221;4.27.4&#8243; _module_preset=&#8221;default&#8221; text_font=&#8221;Montserrat||||||||&#8221; text_font_size=&#8221;18px&#8221; text_line_height=&#8221;1.4em&#8221; link_font=&#8221;|700|||||||&#8221; link_text_color=&#8221;#900088&#8243; link_font_size=&#8221;13px&#8221; header_2_font=&#8221;Poppins|700||on|||||&#8221; header_2_text_color=&#8221;#900088&#8243; global_colors_info=&#8221;{}&#8221;]<h2>DOSERING:<br \/>1 tablet om dagen<\/h2>\n<ul>\n<li>Til voksne og b\u00f8rn over 12 \u00e5r<\/li>\n<li>Laktosefri<\/li>\n<li>B\u00f8r ikke anvendes af gravide og ammende<\/li>\n<li>Pakningsst\u00f8rrelser: Telfast 120 mg oral antihistamin tablet 10 stk-, 30 stk. og 100 stk.<\/li>\n<li>Kan k\u00f8bes receptfrit p\u00e5 apoteket.<\/li>\n<\/ul>[\/et_pb_text][\/et_pb_column][\/et_pb_row][\/et_pb_section][et_pb_section fb_built=&#8221;1&#8243; _builder_version=&#8221;4.27.0&#8243; _module_preset=&#8221;default&#8221; background_color=&#8221;#ed7d00&#8243; global_colors_info=&#8221;{}&#8221;][et_pb_row column_structure=&#8221;3_5,2_5&#8243; custom_padding_last_edited=&#8221;on|desktop&#8221; _builder_version=&#8221;4.27.0&#8243; _module_preset=&#8221;default&#8221; width_tablet=&#8221;80%&#8221; width_phone=&#8221;80%&#8221; width_last_edited=&#8221;on|desktop&#8221; custom_padding=&#8221;||||false|false&#8221; custom_padding_tablet=&#8221;|0%||0%|false|false&#8221; custom_padding_phone=&#8221;|0%||0%|false|false&#8221; global_colors_info=&#8221;{}&#8221;][et_pb_column type=&#8221;3_5&#8243; _builder_version=&#8221;4.27.0&#8243; _module_preset=&#8221;default&#8221; global_colors_info=&#8221;{}&#8221;][et_pb_image src=&#8221;http:\/\/stadanordic.dk\/telfast\/wp-content\/uploads\/sites\/7\/2024\/12\/telfast_x2_pakkauskuva-1.png&#8221; title_text=&#8221;telfast_x2_pakkauskuva&#8221; align=&#8221;center&#8221; _builder_version=&#8221;4.27.4&#8243; _module_preset=&#8221;default&#8221; transform_scale_last_edited=&#8221;off|desktop&#8221; transform_translate_tablet=&#8221;0px|0px&#8221; transform_translate_last_edited=&#8221;off|desktop&#8221; transform_rotate_last_edited=&#8221;off|desktop&#8221; transform_skew_last_edited=&#8221;off|desktop&#8221; transform_origin_last_edited=&#8221;off|desktop&#8221; transform_styles_last_edited=&#8221;off|desktop&#8221; global_colors_info=&#8221;{}&#8221;][\/et_pb_image][et_pb_image src=&#8221;http:\/\/stadanordic.dk\/telfast\/wp-content\/uploads\/sites\/7\/2024\/12\/virker_indem.png&#8221; title_text=&#8221;virker_indem&#8221; align=&#8221;center&#8221; _builder_version=&#8221;4.27.4&#8243; _module_preset=&#8221;default&#8221; transform_translate=&#8221;0px|-29px&#8221; transform_translate_linked=&#8221;off&#8221; width=&#8221;300px&#8221; global_colors_info=&#8221;{}&#8221;][\/et_pb_image][\/et_pb_column][et_pb_column type=&#8221;2_5&#8243; _builder_version=&#8221;4.27.0&#8243; _module_preset=&#8221;default&#8221; global_colors_info=&#8221;{}&#8221;][et_pb_text _builder_version=&#8221;4.27.4&#8243; _module_preset=&#8221;default&#8221; text_font=&#8221;Montserrat||||||||&#8221; text_font_size=&#8221;18px&#8221; text_line_height=&#8221;1.4em&#8221; header_2_font=&#8221;Montserrat|800||on|||||&#8221; header_2_text_color=&#8221;#FFFFFF&#8221; header_2_font_size=&#8221;40px&#8221; header_2_line_height=&#8221;1.2em&#8221; text_orientation_tablet=&#8221;center&#8221; text_orientation_phone=&#8221;center&#8221; text_orientation_last_edited=&#8221;on|desktop&#8221; global_colors_info=&#8221;{}&#8221;]<h2 style=\"text-align: center;\">K\u00f8b Telfast<sup>\u00ae<\/sup><\/h2>\n<ul><\/ul>[\/et_pb_text][et_pb_image src=&#8221;http:\/\/stadanordic.dk\/telfast\/wp-content\/uploads\/sites\/7\/2024\/12\/apt_apopro.png&#8221; title_text=&#8221;apt_apopro&#8221; align=&#8221;center&#8221; _builder_version=&#8221;4.27.4&#8243; _module_preset=&#8221;default&#8221; height=&#8221;50px&#8221; custom_margin=&#8221;||0px||false|false&#8221; custom_padding=&#8221;||||false|false&#8221; global_colors_info=&#8221;{}&#8221;][\/et_pb_image][et_pb_image src=&#8221;http:\/\/stadanordic.dk\/telfast\/wp-content\/uploads\/sites\/7\/2024\/12\/apt_apotekeren.png&#8221; title_text=&#8221;apt_apotekeren&#8221; url=&#8221;https:\/\/www.apotekeren.dk\/maerker\/telfast&#8221; url_new_window=&#8221;on&#8221; align=&#8221;center&#8221; _builder_version=&#8221;4.27.4&#8243; _module_preset=&#8221;default&#8221; height=&#8221;50px&#8221; custom_margin=&#8221;||0px||false|false&#8221; global_colors_info=&#8221;{}&#8221;][\/et_pb_image][et_pb_image src=&#8221;http:\/\/stadanordic.dk\/telfast\/wp-content\/uploads\/sites\/7\/2024\/12\/apt_webapotek.png&#8221; title_text=&#8221;apt_webapotek&#8221; url=&#8221;https:\/\/www.webapoteket.dk\/soeg\/#!\/term=\/telfast&#8221; url_new_window=&#8221;on&#8221; align=&#8221;center&#8221; _builder_version=&#8221;4.27.4&#8243; _module_preset=&#8221;default&#8221; height=&#8221;50px&#8221; custom_margin=&#8221;||0px||false|false&#8221; global_colors_info=&#8221;{}&#8221;][\/et_pb_image][et_pb_image src=&#8221;http:\/\/stadanordic.dk\/telfast\/wp-content\/uploads\/sites\/7\/2024\/12\/apt_web24.png&#8221; title_text=&#8221;apt_web24&#8243; url=&#8221;https:\/\/www.med24.dk\/soeg?query=telfast&#8221; url_new_window=&#8221;on&#8221; align=&#8221;center&#8221; _builder_version=&#8221;4.27.4&#8243; _module_preset=&#8221;default&#8221; height=&#8221;50px&#8221; custom_margin=&#8221;||0px||false|false&#8221; global_colors_info=&#8221;{}&#8221;][\/et_pb_image][et_pb_image src=&#8221;http:\/\/stadanordic.dk\/telfast\/wp-content\/uploads\/sites\/7\/2024\/12\/apt_ugle.png&#8221; title_text=&#8221;apt_ugle&#8221; url=&#8221;https:\/\/ugleapotek.dk\/search-results\/?searchterm=telfast&#8221; url_new_window=&#8221;on&#8221; align=&#8221;center&#8221; _builder_version=&#8221;4.27.4&#8243; _module_preset=&#8221;default&#8221; height=&#8221;80px&#8221; global_colors_info=&#8221;{}&#8221;][\/et_pb_image][\/et_pb_column][\/et_pb_row][\/et_pb_section]\n","protected":false},"excerpt":{"rendered":"<p>Telfast\u00ae 120 mg lindrer symptomer p\u00e5 h\u00f8feberog allergisk snue H\u00e5ndk\u00f8bsl\u00e6gemiddelTelfast\u00ae lindrer symptomer p\u00e5 h\u00f8feber og allergisk snue: L\u00f8bende n\u00e6se Kl\u00f8ende eller stoppet n\u00e6se Rindende \u00f8jne Telfast\u00ae lindrer symptomer p\u00e5 h\u00f8feber og allergisk snue Nysen? L\u00f8bende n\u00e6se? Kl\u00f8e eller stoppet n\u00e6se? Rindende \u00f8jne? Telfast\u00ae\u00a0er et h\u00e5ndk\u00f8bsl\u00e6gemiddel, som lindrer symptomer p\u00e5 h\u00f8feber og allergisk snue som nysen, [&hellip;]<\/p>\n","protected":false},"author":2,"featured_media":0,"parent":0,"menu_order":0,"comment_status":"closed","ping_status":"closed","template":"","meta":{"_et_pb_use_builder":"on","_et_pb_old_content":"","_et_gb_content_width":"","footnotes":""},"class_list":["post-4","page","type-page","status-publish","hentry"],"_links":{"self":[{"href":"https:\/\/stadanordic.dk\/telfast\/wp-json\/wp\/v2\/pages\/4","targetHints":{"allow":["GET"]}}],"collection":[{"href":"https:\/\/stadanordic.dk\/telfast\/wp-json\/wp\/v2\/pages"}],"about":[{"href":"https:\/\/stadanordic.dk\/telfast\/wp-json\/wp\/v2\/types\/page"}],"author":[{"embeddable":true,"href":"https:\/\/stadanordic.dk\/telfast\/wp-json\/wp\/v2\/users\/2"}],"replies":[{"embeddable":true,"href":"https:\/\/stadanordic.dk\/telfast\/wp-json\/wp\/v2\/comments?post=4"}],"version-history":[{"count":28,"href":"https:\/\/stadanordic.dk\/telfast\/wp-json\/wp\/v2\/pages\/4\/revisions"}],"predecessor-version":[{"id":126,"href":"https:\/\/stadanordic.dk\/telfast\/wp-json\/wp\/v2\/pages\/4\/revisions\/126"}],"wp:attachment":[{"href":"https:\/\/stadanordic.dk\/telfast\/wp-json\/wp\/v2\/media?parent=4"}],"curies":[{"name":"wp","href":"https:\/\/api.w.org\/{rel}","templated":true}]}}